{"id":3255,"date":"2017-11-10T12:18:02","date_gmt":"2017-11-10T12:18:02","guid":{"rendered":"http:\/\/www.vomkellerberg.de\/?page_id=3255"},"modified":"2018-01-22T19:27:09","modified_gmt":"2018-01-22T19:27:09","slug":"e-wurf","status":"publish","type":"page","link":"https:\/\/www.vomkellerberg.de\/?page_id=3255","title":{"rendered":"E-Wurf"},"content":{"rendered":"<ol>\n<li>11.11.2017<\/li>\n<\/ol>\n<p><img loading=\"lazy\" decoding=\"async\" class=\"alignleft size-thumbnail wp-image-3227\" src=\"https:\/\/www.vomkellerberg.de\/wp-content\/uploads\/2016\/11\/20170806_073435-e1503662715763-150x150.jpg\" alt=\"\" width=\"150\" height=\"150\" \/><img loading=\"lazy\" decoding=\"async\" class=\"alignleft size-thumbnail wp-image-3237\" src=\"https:\/\/www.vomkellerberg.de\/wp-content\/uploads\/2012\/02\/116W2722-150x150.jpg\" alt=\"\" width=\"150\" height=\"150\" \/><\/p>\n<p>Am 11 September 2017 hatte Celia vom Kellerberg und Ole\u00a0 Einar Mac Killroy &#8218; s\u00a0 ihren Spass und die kleinen Folgen sind am 9.11.2017 auf die Welt gekommen.<\/p>\n<p><img loading=\"lazy\" decoding=\"async\" class=\"alignleft size-thumbnail wp-image-3264\" src=\"https:\/\/www.vomkellerberg.de\/wp-content\/uploads\/2017\/11\/2017-11-10-13.27.02-150x150.jpg\" alt=\"\" width=\"150\" height=\"150\" \/><\/p>\n<p><img loading=\"lazy\" decoding=\"async\" class=\"alignleft size-thumbnail wp-image-3279\" src=\"https:\/\/www.vomkellerberg.de\/wp-content\/uploads\/2017\/11\/20171109_182216-150x150.jpg\" alt=\"\" width=\"150\" height=\"150\" \/>Vier Welpen, zwei R\u00fcden und 2 H\u00fcndin.<\/p>\n<h3>11.11.2012<\/h3>\n<p>Alles gesund und munter. Celia ist eine tolle H\u00fcndin und Imba hat ihr sehr geholfen, bei der Geburt.<\/p>\n<p><img loading=\"lazy\" decoding=\"async\" class=\"alignleft wp-image-3276 size-thumbnail\" src=\"https:\/\/www.vomkellerberg.de\/wp-content\/uploads\/2017\/11\/20171109_174845-e1510412595177-150x150.jpg\" alt=\"\" width=\"150\" height=\"150\" \/><img loading=\"lazy\" decoding=\"async\" class=\"alignleft size-thumbnail wp-image-3277\" src=\"https:\/\/www.vomkellerberg.de\/wp-content\/uploads\/2017\/11\/20171109_174840-e1510412401254-150x150.jpg\" alt=\"\" width=\"150\" height=\"150\" \/><\/p>\n<h3><\/h3>\n<p>Mitlerweile sind Mutter und Kinder in die Wurfbox umgezogen.<\/p>\n<p>Imba hat w\u00e4rend der Geburt Celia nicht aus den Augen gelassen.Sie hat alles was ihr vor die Nase bekam geputzt.<\/p>\n<h3><img loading=\"lazy\" decoding=\"async\" class=\"alignleft size-thumbnail wp-image-3282\" src=\"https:\/\/www.vomkellerberg.de\/wp-content\/uploads\/2017\/11\/20171109_193737-150x150.jpg\" alt=\"\" width=\"150\" height=\"150\" \/><img loading=\"lazy\" decoding=\"async\" class=\"alignleft size-thumbnail wp-image-3283\" src=\"https:\/\/www.vomkellerberg.de\/wp-content\/uploads\/2017\/11\/20171109_182240-e1510429143494-150x150.jpg\" alt=\"\" width=\"150\" height=\"150\" \/><br \/>\n12.11.2017<\/h3>\n<h3>Celia hat die Welpen abgef\u00fcttert.Nun k\u00f6nnen alle schlafen. <img loading=\"lazy\" decoding=\"async\" class=\"alignleft wp-image-3290 size-thumbnail\" src=\"https:\/\/www.vomkellerberg.de\/wp-content\/uploads\/2017\/11\/20171112_092459-e1510476066996-150x150.jpg\" alt=\"\" width=\"150\" height=\"150\" \/><img loading=\"lazy\" decoding=\"async\" class=\"alignleft wp-image-3291 size-thumbnail\" src=\"https:\/\/www.vomkellerberg.de\/wp-content\/uploads\/2017\/11\/20171112_092404-150x150.jpg\" alt=\"\" width=\"150\" height=\"150\" \/><img loading=\"lazy\" decoding=\"async\" class=\"alignleft size-thumbnail wp-image-3292\" src=\"https:\/\/www.vomkellerberg.de\/wp-content\/uploads\/2017\/11\/20171112_092347-150x150.jpg\" alt=\"\" width=\"150\" height=\"150\" \/><br \/>\nHerr Gr\u00fcn, Frau Wei\u00df und Herr Rot mit Frau Blau im Doppelpack.<\/h3>\n<h3>\u00a014.11.2017<\/h3>\n<p>&nbsp;<\/p>\n<p>Der Hunger der kleinen Meute ist kaum zu stillen. Pro Tag haben alle ca 35 g zugelegt. Was f\u00fcr ein Gl\u00fcck das Celia 8 vollwertige Zitzen hat.<\/p>\n<h3>16.11.2015<\/h3>\n<p>Tags\u00fcber im sitzen ,da kann Celia schneller rausspringen und nachts im liegen , so f\u00fcttert Celia ihre Welpen . Alle Welpen haben die 400g Marke geknackt und schon ein neues Halsband bekommen.<img loading=\"lazy\" decoding=\"async\" class=\"alignleft size-thumbnail wp-image-3306\" src=\"https:\/\/www.vomkellerberg.de\/wp-content\/uploads\/2017\/11\/20171115_174200-e1510870963465-150x150.jpg\" alt=\"\" width=\"150\" height=\"150\" \/><\/p>\n<h3>20.11.2017<\/h3>\n<p>Essen ,schlafen und etwas Rumrobben, dass ist der Tagesablauf von allen kleinen Welpen.<\/p>\n<div id=\"attachment_3320\" style=\"width: 160px\" class=\"wp-caption alignleft\"><img loading=\"lazy\" decoding=\"async\" aria-describedby=\"caption-attachment-3320\" class=\"size-thumbnail wp-image-3320\" src=\"https:\/\/www.vomkellerberg.de\/wp-content\/uploads\/2017\/11\/20171120_130159-150x150.jpg\" alt=\"\" width=\"150\" height=\"150\" \/><p id=\"caption-attachment-3320\" class=\"wp-caption-text\">Imba beim faulenzen<\/p><\/div>\n<p><img loading=\"lazy\" decoding=\"async\" class=\"alignleft size-thumbnail wp-image-3314\" src=\"https:\/\/www.vomkellerberg.de\/wp-content\/uploads\/2017\/11\/20171119_100317-1-150x150.jpg\" alt=\"\" width=\"150\" height=\"150\" \/><img loading=\"lazy\" decoding=\"async\" class=\"alignleft size-thumbnail wp-image-3315\" src=\"https:\/\/www.vomkellerberg.de\/wp-content\/uploads\/2017\/11\/20171117_125846-150x150.jpg\" alt=\"\" width=\"150\" height=\"150\" \/><\/p>\n<h3>22.11.2017<\/h3>\n<p>Die kleinen Wuzzis haben die Augen auf.<\/p>\n<p>In den kleinen dunklen Gesichtern nur schwer zu sehen. <img loading=\"lazy\" decoding=\"async\" class=\"alignleft size-thumbnail wp-image-3323\" src=\"https:\/\/www.vomkellerberg.de\/wp-content\/uploads\/2017\/11\/IMG-20171121-WA0000-e1511535218113-150x150.jpeg\" alt=\"\" width=\"150\" height=\"150\" \/><\/p>\n<h3>\u00a024.11.2017<\/h3>\n<p>Trotz aller bettelei darf Imba nur von auserhalb der Wurfbox zu sehen. Die kleine Maus denkt das Celia alles verkert macht.<\/p>\n<p>Putzt verkehrt und stillt verkehrt, ihrer Meinung nach geh\u00f6ren eh alle Welpen ihr.<\/p>\n<h3>2.12.2017<\/h3>\n<p>Super schwarze Augen haben die kleinen Wuzzis. So das es aussieht als w\u00e4ren sie immer noch zu. Herr Gr\u00fcn hatteBesuch und das passt super zusammen.Herr Gr\u00fcn zieht in Richtung Schw\u00e4bisch Hall .<\/p>\n<h3>3.12.2017<\/h3>\n<p>Die Wurfbox ist umr\u00e4umt ,denn die Welpen brauchen eine neue Aufteilung. Ganz wichtig ist dabei die Transportbox, diese soll f\u00fcr das sp\u00e4tere Leben immer positiv im Ged\u00e4chtnis bleiben.<\/p>\n<p>Celia hat das immer noch.<\/p>\n<div id=\"attachment_3332\" style=\"width: 160px\" class=\"wp-caption alignleft\"><img loading=\"lazy\" decoding=\"async\" aria-describedby=\"caption-attachment-3332\" class=\"size-thumbnail wp-image-3332\" src=\"https:\/\/www.vomkellerberg.de\/wp-content\/uploads\/2017\/11\/20171203_100414-e1512292947810-150x150.jpg\" alt=\"\" width=\"150\" height=\"150\" \/><p id=\"caption-attachment-3332\" class=\"wp-caption-text\">Da passen alle rein. Mutter plus die vier Welpen.<\/p><\/div>\n<p><img loading=\"lazy\" decoding=\"async\" class=\"alignleft size-thumbnail wp-image-3334\" src=\"https:\/\/www.vomkellerberg.de\/wp-content\/uploads\/2017\/11\/20171203_100643-e1512293196574-150x150.jpg\" alt=\"\" width=\"150\" height=\"150\" \/><\/p>\n<p>Jetzt wird ohne Mama mal alles Abgeschlonzt.<\/p>\n<h3>4.12.2017<\/h3>\n<p>Die Welpen bekommen Z\u00e4hn,die Backenz\u00e4hne und die Reissz\u00e4hne sind schon durchgebrochen.<\/p>\n<p>Frau Wei\u00df hat ihren Namen, Edda. Sie wird Jagtlich gef\u00fchrt und wohnt danm im Mein Taunus Kreis.<\/p>\n<p>Alle Wuzzis haben ihr neues Halsband, dieses geht bei zuviel drucke auf. So k\u00f6nnen die Welpen nicht verletzt werden.<\/p>\n<h3><img loading=\"lazy\" decoding=\"async\" class=\"alignleft size-thumbnail wp-image-3338\" src=\"https:\/\/www.vomkellerberg.de\/wp-content\/uploads\/2017\/11\/2017-12-04-19.09.30-150x150.jpg\" alt=\"\" width=\"150\" height=\"150\" \/><\/h3>\n<h3>07.12.2017<\/h3>\n<p>&nbsp;<\/p>\n<p>Wir sind in das n\u00e4chste Zimmer gezogen. Den die Welpen sind so fit das der Platz in der Wurfbox nicht mehr gereicht hat. Also jetzt im gro\u00dfen Auslauf.<\/p>\n<p>Alle Welpen haben ihren Namen bekommen.<\/p>\n<p>Frau Wei\u00df heist Edda.<\/p>\n<p>Herr Gr\u00fcn hei\u00dft Emil<\/p>\n<p>Herr Rot hei\u00dft Eric Olesson<\/p>\n<p>Frau Blau hei\u00dft Esme und bleibt bei uns.<img loading=\"lazy\" decoding=\"async\" class=\"size-thumbnail wp-image-3345 aligncenter\" src=\"https:\/\/www.vomkellerberg.de\/wp-content\/uploads\/2017\/11\/IMG-20171210-WA0002-e1513014415706-150x150.jpeg\" alt=\"\" width=\"150\" height=\"150\" \/><img loading=\"lazy\" decoding=\"async\" class=\"alignleft size-thumbnail wp-image-3346\" src=\"https:\/\/www.vomkellerberg.de\/wp-content\/uploads\/2017\/11\/IMG-20171210-WA0010-e1513014470578-150x150.jpeg\" alt=\"\" width=\"150\" height=\"150\" \/><br \/>\n12.12.2017<br \/>\nWir waren auf der Wiese und am Nachmittag auf der Terrasse.<\/p>\n<h3>13.12.2017<\/h3>\n<h3><img loading=\"lazy\" decoding=\"async\" class=\"alignleft size-thumbnail wp-image-3352\" src=\"https:\/\/www.vomkellerberg.de\/wp-content\/uploads\/2017\/11\/20171212_130919-150x150.jpg\" alt=\"\" width=\"150\" height=\"150\" \/><img loading=\"lazy\" decoding=\"async\" class=\"alignleft size-thumbnail wp-image-3353\" src=\"https:\/\/www.vomkellerberg.de\/wp-content\/uploads\/2017\/11\/20171212_130702-e1513081197439-150x150.jpg\" alt=\"\" width=\"150\" height=\"150\" \/><\/h3>\n<blockquote><p>Schnell den Auslauf putzen, zur gleichen Zeit probieren die Wuzzis ihr Mama lehr zu saugen .<img loading=\"lazy\" decoding=\"async\" class=\"alignleft size-thumbnail wp-image-3361\" src=\"https:\/\/www.vomkellerberg.de\/wp-content\/uploads\/2017\/11\/20171211_180601-e1513192028246-150x150.jpg\" alt=\"\" width=\"150\" height=\"150\" \/><\/p><\/blockquote>\n<h3>14.12.2017<\/h3>\n<h3><img loading=\"lazy\" decoding=\"async\" class=\"alignleft size-thumbnail wp-image-3358\" src=\"https:\/\/www.vomkellerberg.de\/wp-content\/uploads\/2017\/11\/2017-12-12-13.26.19-e1513263236254-150x150.jpg\" alt=\"\" width=\"150\" height=\"150\" \/><img loading=\"lazy\" decoding=\"async\" class=\"alignleft size-thumbnail wp-image-3359\" src=\"https:\/\/www.vomkellerberg.de\/wp-content\/uploads\/2017\/11\/2017-12-12-13.27.04-e1513263291665-150x150.jpg\" alt=\"\" width=\"150\" height=\"150\" \/><br \/>\nSpielen ,spielen und nochmal spielen, oh essen geh\u00f6rt auch dazu. Das ist der Tagesablauf von allen kleinen Wuzzis.<br \/>\n21.10.2017<\/h3>\n<p>Wir schaffen schon 20 Minuten im Garten und toben dort wie die Verr\u00fcckten. <img loading=\"lazy\" decoding=\"async\" class=\"alignleft size-thumbnail wp-image-3369\" src=\"https:\/\/www.vomkellerberg.de\/wp-content\/uploads\/2017\/11\/20171221_151959-e1513879896540-150x150.jpg\" alt=\"\" width=\"150\" height=\"150\" \/><img loading=\"lazy\" decoding=\"async\" class=\"alignleft size-thumbnail wp-image-3373\" src=\"https:\/\/www.vomkellerberg.de\/wp-content\/uploads\/2017\/11\/20171221_151604-e1513880245340-150x150.jpg\" alt=\"\" width=\"150\" height=\"150\" \/><br \/>\n27.12.2017<br \/>\nWeihnachten mit Wuzzis ist klasse, jeder hat was zum Knuddeln.<br \/>\n<img loading=\"lazy\" decoding=\"async\" class=\"alignleft size-thumbnail wp-image-3377\" src=\"https:\/\/www.vomkellerberg.de\/wp-content\/uploads\/2017\/11\/20171213_212332-e1514293124194-150x150.jpg\" alt=\"\" width=\"150\" height=\"150\" \/><code><img loading=\"lazy\" decoding=\"async\" class=\"alignleft size-thumbnail wp-image-3378\" src=\"https:\/\/www.vomkellerberg.de\/wp-content\/uploads\/2017\/11\/20171221_151726-e1514293189424-150x150.jpg\" alt=\"\" width=\"150\" height=\"150\" \/>Viel frische Luft,<br \/>\nund der Christbaum steht noch.<\/code><\/p>\n<p><img loading=\"lazy\" decoding=\"async\" class=\"alignleft size-thumbnail wp-image-3381\" src=\"https:\/\/www.vomkellerberg.de\/wp-content\/uploads\/2017\/11\/2017-12-26-14.06.43-e1514293450534-150x150.jpg\" alt=\"\" width=\"150\" height=\"150\" \/><br \/>\n04.01.2018<br \/>\nAcht Wochen sind schon vorbei und wir waren bei Impfen und Chipen.<br \/>\nDas die kleinen Wuzzis etwas m\u00fcde sind ,durften sie davor ins B\u00e4llebad.<img loading=\"lazy\" decoding=\"async\" class=\"alignleft size-thumbnail wp-image-3390\" src=\"https:\/\/www.vomkellerberg.de\/wp-content\/uploads\/2017\/11\/20180104_091201-e1515430205398-150x150.jpg\" alt=\"\" width=\"150\" height=\"150\" \/><\/p>\n<h3>08.01.2018<\/h3>\n<ol>\n<li>\n<blockquote><p>Einen kleinen Einblick in unseren Tagesablauf.<img loading=\"lazy\" decoding=\"async\" class=\"alignleft size-thumbnail wp-image-3396\" src=\"https:\/\/www.vomkellerberg.de\/wp-content\/uploads\/2017\/11\/20180105_143741-e1515430875133-150x150.jpg\" alt=\"\" width=\"150\" height=\"150\" \/><img loading=\"lazy\" decoding=\"async\" class=\"alignleft size-thumbnail wp-image-3397\" src=\"https:\/\/www.vomkellerberg.de\/wp-content\/uploads\/2017\/11\/20180105_141403-e1515430924730-150x150.jpg\" alt=\"\" width=\"150\" height=\"150\" \/><img loading=\"lazy\" decoding=\"async\" class=\"alignleft size-thumbnail wp-image-3394\" src=\"https:\/\/www.vomkellerberg.de\/wp-content\/uploads\/2017\/11\/20180105_143943-e1515430728857-150x150.jpg\" alt=\"\" width=\"150\" height=\"150\" \/><img loading=\"lazy\" decoding=\"async\" class=\"alignleft size-thumbnail wp-image-3395\" src=\"https:\/\/www.vomkellerberg.de\/wp-content\/uploads\/2017\/11\/20180105_143917-e1515430787513-150x150.jpg\" alt=\"\" width=\"150\" height=\"150\" \/><\/p><\/blockquote>\n<p><img loading=\"lazy\" decoding=\"async\" class=\"alignleft size-thumbnail wp-image-3389\" src=\"https:\/\/www.vomkellerberg.de\/wp-content\/uploads\/2017\/11\/20180104_091303-e1515430101967-150x150.jpg\" alt=\"\" width=\"150\" height=\"150\" \/><\/li>\n<\/ol>\n<p>09.01.2018<br \/>\nEmil ist der erste Wuzzi der Auszieht und wir w\u00fcnschen ihm und seiner Menschen Familie viele Gl\u00fcckliche Jahre.<br \/>\n<img loading=\"lazy\" decoding=\"async\" class=\"alignleft size-thumbnail wp-image-3400\" src=\"https:\/\/www.vomkellerberg.de\/wp-content\/uploads\/2017\/11\/20180109_130914-e1515625687153-150x150.jpg\" alt=\"\" width=\"150\" height=\"150\" \/><br \/>\n12.01.2018<br \/>\nHeute ist Edda Umgezogen. Sie hat eine Hundin mit im Haus von der sie viel lernen kann ,so w\u00fcnschen wir beiden Hunden ein langes Gl\u00fcckliches Leben mit ihren Menschen. <img loading=\"lazy\" decoding=\"async\" class=\"alignleft size-thumbnail wp-image-3406\" src=\"https:\/\/www.vomkellerberg.de\/wp-content\/uploads\/2017\/11\/20180111_125543-150x150.jpg\" alt=\"\" width=\"150\" height=\"150\" \/><br \/>\n18.01.2018<br \/>\nAm Samstag geht Eric. Er darf zu seinem Vater ziehen. <img loading=\"lazy\" decoding=\"async\" class=\"alignleft size-thumbnail wp-image-3409\" src=\"https:\/\/www.vomkellerberg.de\/wp-content\/uploads\/2017\/11\/20180115_083731-e1516299203564-150x150.jpg\" alt=\"\" width=\"150\" height=\"150\" \/><br \/>\n20.01.2018<br \/>\nEric ist zu seinem Vater gezogen. <img loading=\"lazy\" decoding=\"async\" class=\"alignleft size-thumbnail wp-image-3413\" src=\"https:\/\/www.vomkellerberg.de\/wp-content\/uploads\/2017\/11\/20180112_095049-e1516649207399-150x150.jpg\" alt=\"\" width=\"150\" height=\"150\" \/><br \/>\nJetzt ist Esme alleine und R\u00e4ubert mit Mama und Oma durch die ganze Wohnung.<\/p>\n","protected":false},"excerpt":{"rendered":"<p>11.11.2017 Am 11 September 2017 hatte Celia vom Kellerberg und Ole\u00a0 Einar Mac Killroy &#8218; s\u00a0 ihren Spass und die kleinen Folgen sind am 9.11.2017 auf die Welt gekommen. Vier Welpen, zwei R\u00fcden und 2 H\u00fcndin. 11.11.2012 Alles gesund und munter. Celia ist eine tolle H\u00fcndin und Imba hat ihr sehr geholfen, bei der Geburt. [&hellip;]<\/p>\n","protected":false},"author":1,"featured_media":0,"parent":0,"menu_order":0,"comment_status":"closed","ping_status":"closed","template":"","meta":{"footnotes":""},"class_list":["post-3255","page","type-page","status-publish","hentry"],"_links":{"self":[{"href":"https:\/\/www.vomkellerberg.de\/index.php?rest_route=\/wp\/v2\/pages\/3255","targetHints":{"allow":["GET"]}}],"collection":[{"href":"https:\/\/www.vomkellerberg.de\/index.php?rest_route=\/wp\/v2\/pages"}],"about":[{"href":"https:\/\/www.vomkellerberg.de\/index.php?rest_route=\/wp\/v2\/types\/page"}],"author":[{"embeddable":true,"href":"https:\/\/www.vomkellerberg.de\/index.php?rest_route=\/wp\/v2\/users\/1"}],"replies":[{"embeddable":true,"href":"https:\/\/www.vomkellerberg.de\/index.php?rest_route=%2Fwp%2Fv2%2Fcomments&post=3255"}],"version-history":[{"count":86,"href":"https:\/\/www.vomkellerberg.de\/index.php?rest_route=\/wp\/v2\/pages\/3255\/revisions"}],"predecessor-version":[{"id":3414,"href":"https:\/\/www.vomkellerberg.de\/index.php?rest_route=\/wp\/v2\/pages\/3255\/revisions\/3414"}],"wp:attachment":[{"href":"https:\/\/www.vomkellerberg.de\/index.php?rest_route=%2Fwp%2Fv2%2Fmedia&parent=3255"}],"curies":[{"name":"wp","href":"https:\/\/api.w.org\/{rel}","templated":true}]}}