{"id":2914,"date":"2016-11-18T15:30:38","date_gmt":"2016-11-18T15:30:38","guid":{"rendered":"http:\/\/www.vomkellerberg.de\/?page_id=2914"},"modified":"2017-11-11T13:24:07","modified_gmt":"2017-11-11T13:24:07","slug":"d-wurf","status":"publish","type":"page","link":"https:\/\/www.vomkellerberg.de\/?page_id=2914","title":{"rendered":"D-Wurf"},"content":{"rendered":"<div id=\"attachment_3229\" style=\"width: 160px\" class=\"wp-caption alignleft\"><img loading=\"lazy\" decoding=\"async\" aria-describedby=\"caption-attachment-3229\" class=\"size-thumbnail wp-image-3229\" src=\"https:\/\/www.vomkellerberg.de\/wp-content\/uploads\/2016\/11\/IMG-20170821-WA0002-150x150.jpg\" alt=\"\" width=\"150\" height=\"150\" \/><p id=\"caption-attachment-3229\" class=\"wp-caption-text\">Diego<\/p><\/div>\n<div id=\"attachment_3230\" style=\"width: 160px\" class=\"wp-caption alignleft\"><img loading=\"lazy\" decoding=\"async\" aria-describedby=\"caption-attachment-3230\" class=\"size-thumbnail wp-image-3230\" src=\"https:\/\/www.vomkellerberg.de\/wp-content\/uploads\/2016\/11\/IMG-20170817-WA0010-150x150.jpg\" alt=\"\" width=\"150\" height=\"150\" \/><p id=\"caption-attachment-3230\" class=\"wp-caption-text\">Dana<\/p><\/div>\n<div id=\"attachment_3231\" style=\"width: 160px\" class=\"wp-caption alignleft\"><img loading=\"lazy\" decoding=\"async\" aria-describedby=\"caption-attachment-3231\" class=\"size-thumbnail wp-image-3231\" src=\"https:\/\/www.vomkellerberg.de\/wp-content\/uploads\/2016\/11\/IMG-20170816-WA0010-150x150.jpg\" alt=\"\" width=\"150\" height=\"150\" \/><p id=\"caption-attachment-3231\" class=\"wp-caption-text\">Dobby<\/p><\/div>\n<div id=\"attachment_3232\" style=\"width: 160px\" class=\"wp-caption alignleft\"><img loading=\"lazy\" decoding=\"async\" aria-describedby=\"caption-attachment-3232\" class=\"size-thumbnail wp-image-3232\" src=\"https:\/\/www.vomkellerberg.de\/wp-content\/uploads\/2016\/11\/IMG-20170815-WA0000-150x150.jpg\" alt=\"\" width=\"150\" height=\"150\" \/><p id=\"caption-attachment-3232\" class=\"wp-caption-text\">Lilly<\/p><\/div>\n<div id=\"attachment_3233\" style=\"width: 160px\" class=\"wp-caption alignleft\"><img loading=\"lazy\" decoding=\"async\" aria-describedby=\"caption-attachment-3233\" class=\"size-thumbnail wp-image-3233\" src=\"https:\/\/www.vomkellerberg.de\/wp-content\/uploads\/2016\/11\/IMG-20170812-WA0003-150x150.jpg\" alt=\"\" width=\"150\" height=\"150\" \/><p id=\"caption-attachment-3233\" class=\"wp-caption-text\">Dexter<\/p><\/div>\n<h3>17.08.2017<\/h3>\n<p>Dobby ist gut in seiner neuen Familie angekommen.<\/p>\n<h3>12.08.2017<\/h3>\n<p>Dobby ist noch da. Sonst w\u00e4re es schon sehr ruhig. Er ist ein sehr aufgeweckter Racker.<\/p>\n<p><img loading=\"lazy\" decoding=\"async\" class=\"alignleft size-thumbnail wp-image-3219\" src=\"https:\/\/www.vomkellerberg.de\/wp-content\/uploads\/2016\/11\/20170810_231453-e1502743854969-150x150.jpg\" alt=\"\" width=\"150\" height=\"150\" \/><\/p>\n<h3>05.08.2017<\/h3>\n<p>Der Zuchtwart war da.Alles super .<\/p>\n<p>Wir gehen flei\u00dfig Spazieren. Was f\u00fcr eine Aufgabe! F\u00fcnf Welpen und zwei alt H\u00fcndinen. <img loading=\"lazy\" decoding=\"async\" class=\"alignleft size-thumbnail wp-image-3214\" src=\"https:\/\/www.vomkellerberg.de\/wp-content\/uploads\/2016\/11\/20170803_095705-e1502008734440-150x150.jpg\" alt=\"\" width=\"150\" height=\"150\" \/><\/p>\n<h3>29.07.2017<\/h3>\n<p><!--more--><\/p>\n<p>Impfung und Chipen sind gut \u00fcberstanden.<img loading=\"lazy\" decoding=\"async\" class=\"alignleft wp-image-3210 size-thumbnail\" src=\"https:\/\/www.vomkellerberg.de\/wp-content\/uploads\/2016\/11\/20170729_100145-e1501360377393-150x150.jpg\" alt=\"\" width=\"150\" height=\"150\" \/><\/p>\n<p><img loading=\"lazy\" decoding=\"async\" class=\"alignleft size-thumbnail wp-image-3207\" src=\"https:\/\/www.vomkellerberg.de\/wp-content\/uploads\/2016\/11\/20170729_105220-150x150.jpg\" alt=\"\" width=\"150\" height=\"150\" \/><img loading=\"lazy\" decoding=\"async\" class=\"alignleft size-thumbnail wp-image-3208\" src=\"https:\/\/www.vomkellerberg.de\/wp-content\/uploads\/2016\/11\/20170729_112407-150x150.jpg\" alt=\"\" width=\"150\" height=\"150\" \/><\/p>\n<h3>26.07.2017<\/h3>\n<p>&nbsp;<\/p>\n<p><img loading=\"lazy\" decoding=\"async\" class=\"alignleft size-thumbnail wp-image-3202\" src=\"https:\/\/www.vomkellerberg.de\/wp-content\/uploads\/2016\/11\/20170726_113915-150x150.jpg\" alt=\"\" width=\"150\" height=\"150\" \/><\/p>\n<p>Es Regnet und das schon den zweiten Tag.<\/p>\n<p><img loading=\"lazy\" decoding=\"async\" class=\"alignleft size-thumbnail wp-image-3204\" src=\"https:\/\/www.vomkellerberg.de\/wp-content\/uploads\/2016\/11\/20170723_065240-e1501073007662-150x150.jpg\" alt=\"\" width=\"150\" height=\"150\" \/><\/p>\n<h3 style=\"text-align: right;\"><\/h3>\n<h3>23.07.2017<\/h3>\n<p>Heute hatte Da Vinci besuch und er passt perfekt zu dieser Familie.<\/p>\n<p>Einen anderen Namen bekommt er auch .Er hei\u00dft nur noch auf der Ahnentafeln Da Vinci, sonst wird er Dobby gerufen.<\/p>\n<p><img loading=\"lazy\" decoding=\"async\" class=\"alignleft size-thumbnail wp-image-3196\" src=\"https:\/\/www.vomkellerberg.de\/wp-content\/uploads\/2016\/11\/20170723_204430-150x150.jpg\" alt=\"\" width=\"150\" height=\"150\" \/><\/p>\n<h3>18.07.2017<\/h3>\n<p>Alle Welpen haben ihre Namen<img loading=\"lazy\" decoding=\"async\" class=\"alignleft size-thumbnail wp-image-3192\" src=\"https:\/\/www.vomkellerberg.de\/wp-content\/uploads\/2016\/11\/IMG-20170717-WA0005-150x150.jpeg\" alt=\"\" width=\"150\" height=\"150\" \/><img loading=\"lazy\" decoding=\"async\" class=\"size-thumbnail wp-image-3190 alignright\" src=\"https:\/\/www.vomkellerberg.de\/wp-content\/uploads\/2016\/11\/IMG-20170716-WA0001-150x150.jpg\" alt=\"\" width=\"150\" height=\"150\" \/><img loading=\"lazy\" decoding=\"async\" class=\"alignleft size-thumbnail wp-image-3188\" src=\"https:\/\/www.vomkellerberg.de\/wp-content\/uploads\/2016\/11\/IMG-20170716-WA0013-150x150.jpg\" alt=\"\" width=\"150\" height=\"150\" \/><\/p>\n<p>Frau Rot heist<\/p>\n<p>Dana vom Kellerberg<\/p>\n<p>&nbsp;<\/p>\n<p>&nbsp;<\/p>\n<p>Herr Wei\u00df hei\u00dft Da Vinci vom Kellerberg<\/p>\n<p>&nbsp;<\/p>\n<h2><\/h2>\n<h3><\/h3>\n<p>Herr Blau hei\u00dft<\/p>\n<p>Dexter vom Kellerberg<\/p>\n<h3><\/h3>\n<h3><\/h3>\n<h3><\/h3>\n<h3><\/h3>\n<h3>10.07.2017<\/h3>\n<p>Fr\u00fchst\u00fcck und Mittagessen sind jetzt von mir. Eine Frischfleischmalzeit gibt es aus der Hand um den neuen Namen zu lernen.<img loading=\"lazy\" decoding=\"async\" class=\"alignleft size-thumbnail wp-image-3184\" src=\"https:\/\/www.vomkellerberg.de\/wp-content\/uploads\/2016\/11\/20170709_105248-e1499702997634-150x150.jpg\" alt=\"\" width=\"150\" height=\"150\" \/><img loading=\"lazy\" decoding=\"async\" class=\"alignleft size-thumbnail wp-image-3182\" src=\"https:\/\/www.vomkellerberg.de\/wp-content\/uploads\/2016\/11\/20170709_105231-150x150.jpg\" alt=\"\" width=\"150\" height=\"150\" \/><\/p>\n<h3>07.07.2017<\/h3>\n<p>Die Wuzzis bekommmen ihr Erstes eingeweichtes Trockenfutter. Alle haben jetzt ihr Halsband um. Das ist extra f\u00fcr Welpen und verf\u00fcgt \u00fcber eine Not\u00f6ffnung, sollten die Welpen irgendwo h\u00e4ngenbleiben oder sich Zwei beim Spielen ineinander verbeisen und zusammen h\u00e4ngen bleiben, \u00f6ffnet sich der Verschluss.<\/p>\n<p><img loading=\"lazy\" decoding=\"async\" class=\"alignleft size-thumbnail wp-image-3171\" src=\"https:\/\/www.vomkellerberg.de\/wp-content\/uploads\/2016\/11\/20170706_1044121-e1499442768857-150x150.jpg\" alt=\"\" width=\"150\" height=\"150\" \/><img loading=\"lazy\" decoding=\"async\" class=\"alignleft size-thumbnail wp-image-3172\" src=\"https:\/\/www.vomkellerberg.de\/wp-content\/uploads\/2016\/11\/20170706_1044151-e1499442947437-150x150.jpg\" alt=\"\" width=\"150\" height=\"150\" \/> <img loading=\"lazy\" decoding=\"async\" class=\"alignleft size-thumbnail wp-image-3173\" src=\"https:\/\/www.vomkellerberg.de\/wp-content\/uploads\/2016\/11\/20170704_1739491-150x150.jpg\" alt=\"\" width=\"150\" height=\"150\" \/>Herr Gr\u00fcn hat seinen Namen und seine Familie,er heist Diego und zieht halbweit weg, er bleibt im 3 Stunden Radius.<\/p>\n<h3>06.07.2017<\/h3>\n<p>Mittagspause! <img loading=\"lazy\" decoding=\"async\" class=\"alignleft size-thumbnail wp-image-3167\" src=\"https:\/\/www.vomkellerberg.de\/wp-content\/uploads\/2016\/11\/20170705_155122-e1499262995755-150x150.jpg\" alt=\"\" width=\"150\" height=\"150\" \/><\/p>\n<h3>05.07.2017<\/h3>\n<p>Wir gehen immer mehr nach drau\u00dfen. Begeistert erobern die kleinen Wuzzis die Terrasse und ihre Mama. <img loading=\"lazy\" decoding=\"async\" class=\"alignleft size-thumbnail wp-image-3164\" src=\"https:\/\/www.vomkellerberg.de\/wp-content\/uploads\/2016\/11\/20170705_085512-e1499252418361-150x150.jpg\" alt=\"\" width=\"150\" height=\"150\" \/><\/p>\n<h3>03.07.2017<\/h3>\n<p>Der erste Ausflug in den Gartendauerte 20 Minuten, dann waren alle Welpen fertig und sind wieder in die Box zum schlafen.<br \/>\nHerr Blau war der erste und Herr Schwarz der letzte, der sich raus getraut hat. Her Blau war so neugierig, \u00a0das er sich doch schon ein gro\u00dfes St\u00fcck entfernd hat und seine gro\u00dfeSchwester ihn zur\u00fcckbrachte. Mama war mit Findus jagen besch\u00e4ftigt, der darf nicht in die n\u00e4he der Welpen. Der wieder findet das die Welpen zuviel Besuch bekommen. Neugierig schaut er \u00f6ffters durch das Wohnzimmerfenster, aber nur von ausen. Wenn Fremde da sind geht er wieder.<br \/>\n<img loading=\"lazy\" decoding=\"async\" class=\"alignleft size-thumbnail wp-image-3150\" src=\"https:\/\/www.vomkellerberg.de\/wp-content\/uploads\/2016\/11\/20170703_1509151-1-e1499100142432-150x150.jpg\" alt=\"\" width=\"150\" height=\"150\" \/><img loading=\"lazy\" decoding=\"async\" class=\"alignleft size-thumbnail wp-image-3149\" src=\"https:\/\/www.vomkellerberg.de\/wp-content\/uploads\/2016\/11\/20170703_1501441-e1499099997507-150x150.jpg\" alt=\"\" width=\"150\" height=\"150\" \/><img loading=\"lazy\" decoding=\"async\" class=\"alignleft size-thumbnail wp-image-3147\" src=\"https:\/\/www.vomkellerberg.de\/wp-content\/uploads\/2016\/11\/20170703_1505081-e1499099588691-150x150.jpg\" alt=\"\" width=\"150\" height=\"150\" \/><img loading=\"lazy\" decoding=\"async\" class=\"alignleft size-thumbnail wp-image-3146\" src=\"https:\/\/www.vomkellerberg.de\/wp-content\/uploads\/2016\/11\/20170703_1509101-e1499098911852-150x150.jpg\" alt=\"\" width=\"150\" height=\"150\" \/><\/p>\n<h3>02.07.2017<\/h3>\n<p>Herr Blau hat ein neues Zuhause. ,er heist Dexter und wird auch in der N\u00e4he von uns beiden.<\/p>\n<p><img loading=\"lazy\" decoding=\"async\" class=\"alignleft size-thumbnail wp-image-3131\" src=\"https:\/\/www.vomkellerberg.de\/wp-content\/uploads\/2016\/11\/IMG-20170626-WA00051-e1499098230953-150x150.jpeg\" alt=\"\" width=\"150\" height=\"150\" \/><br \/>\nDas Welpengef\u00e4ngnis ist aufgebaut und wird von allen neugierig inspiziert.<\/p>\n<div style=\"width: 640px;\" class=\"wp-video\"><!--[if lt IE 9]><script>document.createElement('video');<\/script><![endif]-->\n<video class=\"wp-video-shortcode\" id=\"video-2914-1\" width=\"640\" height=\"352\" preload=\"metadata\" controls=\"controls\"><source type=\"video\/mp4\" src=\"https:\/\/www.vomkellerberg.de\/wp-content\/uploads\/2016\/11\/VID-20170630-WA0005.mp4?_=1\" \/><a href=\"https:\/\/www.vomkellerberg.de\/wp-content\/uploads\/2016\/11\/VID-20170630-WA0005.mp4\">https:\/\/www.vomkellerberg.de\/wp-content\/uploads\/2016\/11\/VID-20170630-WA0005.mp4<\/a><\/video><\/div>\n<h3 style=\"text-align: left;\">01.07.2017<\/h3>\n<p>Frau Gelb hat ein neues Zuhause, sie heist Die Lilly und bleibt im Umland nicht weit von uns.<\/p>\n<div style=\"width: 640px;\" class=\"wp-video\"><video class=\"wp-video-shortcode\" id=\"video-2914-2\" width=\"640\" height=\"352\" preload=\"metadata\" controls=\"controls\"><source type=\"video\/mp4\" src=\"https:\/\/www.vomkellerberg.de\/wp-content\/uploads\/2016\/11\/VID-20170701-WA0005.mp4?_=2\" \/><a href=\"https:\/\/www.vomkellerberg.de\/wp-content\/uploads\/2016\/11\/VID-20170701-WA0005.mp4\">https:\/\/www.vomkellerberg.de\/wp-content\/uploads\/2016\/11\/VID-20170701-WA0005.mp4<\/a><\/video><\/div>\n<p><img loading=\"lazy\" decoding=\"async\" class=\"size-thumbnail wp-image-3083\" src=\"https:\/\/www.vomkellerberg.de\/wp-content\/uploads\/2016\/11\/20170627_223223-e1498596067161-150x150.jpg\" alt=\"\" width=\"150\" height=\"150\" \/><img loading=\"lazy\" decoding=\"async\" class=\"size-thumbnail wp-image-3087\" src=\"https:\/\/www.vomkellerberg.de\/wp-content\/uploads\/2016\/11\/20170627_222934-e1498596293827-150x150.jpg\" alt=\"\" width=\"150\" height=\"150\" \/><\/p>\n<h3><img loading=\"lazy\" decoding=\"async\" class=\"alignleft size-thumbnail wp-image-3090\" src=\"https:\/\/www.vomkellerberg.de\/wp-content\/uploads\/2016\/11\/20170629_114122-e1498730181927-150x150.jpg\" alt=\"\" width=\"150\" height=\"150\" \/><\/h3>\n<h3>29.06.2017<\/h3>\n<p>Er ist einfach raus gekrabelt, der Herr Wei\u00df , um an Mamas Zitzen zu kommen.\u00a0 Frau Rot und Herr Blau\u00a0 sp\u00e4ter am Tag hinter der gro\u00dfen Schwester Celia her. Die jetzt immer \u00f6fter in die Wurfbox steigt und ihre Geschwister bespa\u00dft.<\/p>\n<h3>27.06.2017<\/h3>\n<p>Celia ist eine tolle H\u00fcndin. Jetzt darf sie mit ihren kleinen Geschwistern spielen.<\/p>\n<h3>26.06.2017<\/h3>\n<p>Die Z\u00e4hne kommen. Am Kiefer kann man sie schon sp\u00fcren . Die kleinen Wuzzis spielen noch ohne Ton, da\u00df \u00e4ndert sich jetzt. Mit dem ersten Zahn wird das Spiel laut.<\/p>\n<p>Den wenn Bruder oder Schwester nicht nur sabbern sondern mit den kleinen spitzen Z\u00e4hnen richtig bei\u00dfen, tut das weh und wird mit viel Geschrei kommentiert.<br \/>\nBis Bruder oder Schwester loslassen und das ganze von vorne lossgeht.<\/p>\n<h3>22.06.2017<\/h3>\n<p>Fr\u00fchst\u00fcck ans Bett. Bei uns heute morgen, Fr\u00fchst\u00fcck im Bett. \u00a0Alle wurden Entwurmt die letzten drei Tage, nur die Katze hat sich aus dem Staub gemacht. Aber die kommt nicht davon, dann halt morgen.<br \/>\n<img loading=\"lazy\" decoding=\"async\" class=\"alignleft size-thumbnail wp-image-3057\" src=\"https:\/\/www.vomkellerberg.de\/wp-content\/uploads\/2016\/11\/20170622_094318-150x150.jpg\" alt=\"\" width=\"150\" height=\"150\" \/><\/p>\n<h3>15.06.2015<\/h3>\n<p>Herr Gr\u00fcn hat die 500g Marke geknackt,mitlerweile gehen alle Welpen auf vier Pfoten und noch sehr wackelig , aber sie gehen und robben nicht mehr. Quer durch die Wurfbox immer unter dem Neugierigen Blicken der gro\u00dfen Schwester,die es nicht mehr erwarten kann bis sie endlich mit ihnen spielen darf.<img loading=\"lazy\" decoding=\"async\" class=\"alignleft size-thumbnail wp-image-3073\" src=\"https:\/\/www.vomkellerberg.de\/wp-content\/uploads\/2016\/11\/20170618_082455-1-e1498149084151-150x150.jpg\" alt=\"\" width=\"150\" height=\"150\" \/><img loading=\"lazy\" decoding=\"async\" class=\"alignleft size-thumbnail wp-image-3036\" src=\"https:\/\/www.vomkellerberg.de\/wp-content\/uploads\/2016\/11\/20170612_171256-1-150x150.jpg\" alt=\"\" width=\"150\" height=\"150\" \/><br \/>\n<img loading=\"lazy\" decoding=\"async\" class=\"alignleft size-thumbnail wp-image-3040\" src=\"https:\/\/www.vomkellerberg.de\/wp-content\/uploads\/2016\/11\/20170615_194514-150x150.jpg\" alt=\"\" width=\"150\" height=\"150\" \/><img loading=\"lazy\" decoding=\"async\" class=\"alignleft size-thumbnail wp-image-3041\" src=\"https:\/\/www.vomkellerberg.de\/wp-content\/uploads\/2016\/11\/20170615_194545-e1497548877189-150x150.jpg\" alt=\"\" width=\"150\" height=\"150\" \/><br \/>\n<img loading=\"lazy\" decoding=\"async\" class=\"alignleft size-thumbnail wp-image-3029\" src=\"https:\/\/www.vomkellerberg.de\/wp-content\/uploads\/2016\/11\/20170609_141717-e1497474197521-150x150.jpg\" alt=\"\" width=\"150\" height=\"150\" \/><\/p>\n<h3>Sie wachsen und gedeihen.<br \/>\n<img loading=\"lazy\" decoding=\"async\" class=\"alignleft size-thumbnail wp-image-3016\" src=\"https:\/\/www.vomkellerberg.de\/wp-content\/uploads\/2016\/11\/20170612_171331-150x150.jpg\" alt=\"\" width=\"150\" height=\"150\" \/><img loading=\"lazy\" decoding=\"async\" class=\"alignleft size-thumbnail wp-image-3021\" src=\"https:\/\/www.vomkellerberg.de\/wp-content\/uploads\/2016\/11\/20170612_171317-150x150.jpg\" alt=\"\" width=\"150\" height=\"150\" \/><img loading=\"lazy\" decoding=\"async\" class=\"alignleft size-thumbnail wp-image-3019\" src=\"https:\/\/www.vomkellerberg.de\/wp-content\/uploads\/2016\/11\/20170612_171324-150x150.jpg\" alt=\"\" width=\"150\" height=\"150\" \/>&lt;<\/h3>\n<h3>\u00a008.06.2017<\/h3>\n<p>F\u00fctterung von junge und alt.<br \/>\n<img loading=\"lazy\" decoding=\"async\" class=\"alignleft size-thumbnail wp-image-3014\" src=\"https:\/\/www.vomkellerberg.de\/wp-content\/uploads\/2016\/11\/20170609_104226-e1496997986538-150x150.jpg\" alt=\"\" width=\"150\" height=\"150\" \/><\/p>\n<h3>07.06.2017<\/h3>\n<p>Alle Welpen entwickeln sich pr\u00e4chtig. Der gr\u00f6\u00dfte hat heute die 300 g \u00fcberschitten und die kleinste erst 200 g. Dazwischen sind die anderen Welpen.<\/p>\n<div id=\"attachment_3010\" style=\"width: 160px\" class=\"wp-caption alignleft\"><img loading=\"lazy\" decoding=\"async\" aria-describedby=\"caption-attachment-3010\" class=\"size-thumbnail wp-image-3010\" src=\"https:\/\/www.vomkellerberg.de\/wp-content\/uploads\/2016\/11\/20170607_171700-150x150.jpg\" alt=\"\" width=\"150\" height=\"150\" \/><p id=\"caption-attachment-3010\" class=\"wp-caption-text\">D-Wurf<\/p><\/div>\n<div id=\"attachment_3011\" style=\"width: 160px\" class=\"wp-caption alignleft\"><img loading=\"lazy\" decoding=\"async\" aria-describedby=\"caption-attachment-3011\" class=\"size-thumbnail wp-image-3011\" src=\"https:\/\/www.vomkellerberg.de\/wp-content\/uploads\/2016\/11\/20170607_171455-150x150.jpg\" alt=\"\" width=\"150\" height=\"150\" \/><p id=\"caption-attachment-3011\" class=\"wp-caption-text\">D-Wurf<\/p><\/div>\n<h3>Am 4.06.2017 sind 3 R\u00fcden und 2 H\u00fcndin auf die Welt gekommen.<\/h3>\n<div id=\"attachment_3005\" style=\"width: 160px\" class=\"wp-caption alignleft\"><img loading=\"lazy\" decoding=\"async\" aria-describedby=\"caption-attachment-3005\" class=\"size-thumbnail wp-image-3005\" src=\"https:\/\/www.vomkellerberg.de\/wp-content\/uploads\/2016\/11\/20170604_134109-150x150.jpg\" alt=\"\" width=\"150\" height=\"150\" \/><p id=\"caption-attachment-3005\" class=\"wp-caption-text\">Kurz nach der Geburt<\/p><\/div>\n<div id=\"attachment_3006\" style=\"width: 160px\" class=\"wp-caption alignleft\"><img loading=\"lazy\" decoding=\"async\" aria-describedby=\"caption-attachment-3006\" class=\"size-thumbnail wp-image-3006\" src=\"https:\/\/www.vomkellerberg.de\/wp-content\/uploads\/2016\/11\/20170604_102932-e1496686962232-150x150.jpg\" alt=\"\" width=\"150\" height=\"150\" \/><p id=\"caption-attachment-3006\" class=\"wp-caption-text\">Celia ist vor lauter Begeisterung nicht aus der Wurfbox zu bekommen<\/p><\/div>\n<h3><\/h3>\n<h3>Wir haben Gedeckt!<\/h3>\n<p>Mutter:<br \/>\nImbas Star vom Weierdamm<\/p>\n<p><img loading=\"lazy\" decoding=\"async\" class=\"alignleft size-thumbnail wp-image-2981\" src=\"https:\/\/www.vomkellerberg.de\/wp-content\/uploads\/2016\/11\/03-1-150x150.jpg\" alt=\"\" width=\"150\" height=\"150\" \/><img loading=\"lazy\" decoding=\"async\" class=\"alignleft size-thumbnail wp-image-2958\" src=\"https:\/\/www.vomkellerberg.de\/wp-content\/uploads\/2016\/11\/20170303_100034-e1491912560900-150x150.jpg\" alt=\"\" width=\"150\" height=\"150\" \/><img loading=\"lazy\" decoding=\"async\" class=\"alignleft size-thumbnail wp-image-2949\" src=\"https:\/\/www.vomkellerberg.de\/wp-content\/uploads\/2012\/02\/20170226_164131-e1490644287726-150x150.jpg\" alt=\"\" width=\"150\" height=\"150\" \/><\/p>\n<p>Vater:Basko vom M\u00fchlbachtal<\/p>\n<ul>\n<li style=\"text-align: center;\">\n<h3><img loading=\"lazy\" decoding=\"async\" class=\"alignleft size-thumbnail wp-image-2960\" src=\"https:\/\/www.vomkellerberg.de\/wp-content\/uploads\/2016\/11\/20170406_140459-e1491912828889-150x150.jpg\" alt=\"\" width=\"150\" height=\"150\" \/>\u00a0<img loading=\"lazy\" decoding=\"async\" class=\"alignleft size-thumbnail wp-image-2979\" src=\"https:\/\/www.vomkellerberg.de\/wp-content\/uploads\/2016\/11\/IMG_6256-150x150.jpg\" alt=\"\" width=\"150\" height=\"150\" \/><img loading=\"lazy\" decoding=\"async\" class=\"alignleft size-thumbnail wp-image-2980\" src=\"https:\/\/www.vomkellerberg.de\/wp-content\/uploads\/2016\/11\/IMG_6024-3-150x150.jpg\" alt=\"\" width=\"150\" height=\"150\" \/><\/h3>\n<\/li>\n<\/ul>\n","protected":false},"excerpt":{"rendered":"<p>17.08.2017 Dobby ist gut in seiner neuen Familie angekommen. 12.08.2017 Dobby ist noch da. Sonst w\u00e4re es schon sehr ruhig. Er ist ein sehr aufgeweckter Racker. 05.08.2017 Der Zuchtwart war da.Alles super . Wir gehen flei\u00dfig Spazieren. Was f\u00fcr eine Aufgabe! F\u00fcnf Welpen und zwei alt H\u00fcndinen. 29.07.2017<\/p>\n","protected":false},"author":1,"featured_media":0,"parent":0,"menu_order":0,"comment_status":"closed","ping_status":"closed","template":"","meta":{"footnotes":""},"class_list":["post-2914","page","type-page","status-publish","hentry"],"_links":{"self":[{"href":"https:\/\/www.vomkellerberg.de\/index.php?rest_route=\/wp\/v2\/pages\/2914","targetHints":{"allow":["GET"]}}],"collection":[{"href":"https:\/\/www.vomkellerberg.de\/index.php?rest_route=\/wp\/v2\/pages"}],"about":[{"href":"https:\/\/www.vomkellerberg.de\/index.php?rest_route=\/wp\/v2\/types\/page"}],"author":[{"embeddable":true,"href":"https:\/\/www.vomkellerberg.de\/index.php?rest_route=\/wp\/v2\/users\/1"}],"replies":[{"embeddable":true,"href":"https:\/\/www.vomkellerberg.de\/index.php?rest_route=%2Fwp%2Fv2%2Fcomments&post=2914"}],"version-history":[{"count":122,"href":"https:\/\/www.vomkellerberg.de\/index.php?rest_route=\/wp\/v2\/pages\/2914\/revisions"}],"predecessor-version":[{"id":3883,"href":"https:\/\/www.vomkellerberg.de\/index.php?rest_route=\/wp\/v2\/pages\/2914\/revisions\/3883"}],"wp:attachment":[{"href":"https:\/\/www.vomkellerberg.de\/index.php?rest_route=%2Fwp%2Fv2%2Fmedia&parent=2914"}],"curies":[{"name":"wp","href":"https:\/\/api.w.org\/{rel}","templated":true}]}}