{"id":13,"date":"2012-02-19T15:50:32","date_gmt":"2012-02-19T15:50:32","guid":{"rendered":"http:\/\/www.vomkellerberg.de\/?page_id=13"},"modified":"2025-08-28T14:39:54","modified_gmt":"2025-08-28T14:39:54","slug":"borderterrier-imbas-star-vom-weierdamm-lebenslauf","status":"publish","type":"page","link":"https:\/\/www.vomkellerberg.de\/?page_id=13","title":{"rendered":"Lebenslauf Imba`s"},"content":{"rendered":"<p>24. 6. 2010 Geboren Imba&#8217;s Star vom Weierdamm<\/p>\n<p>Zuchtschauerfolge<\/p>\n<p>15.01.2011\u00a0\u00a0\u00a0N\u00fcrnberg\u00a0\u00a0\u00a0\u00a0\u00a0\u00a0\u00a0\u00a0\u00a0\u00a0\u00a0\u00a0 VSP<br \/>02.06.2011\u00a0 OG Darmstadt\u00a0\u00a0\u00a0\u00a0\u00a0 SG<br \/>26.06.2011\u00a0 Kaiserslautern\u00a0\u00a0\u00a0\u00a0\u00a0 SG<br \/>02.07.2011\u00a0 Heppenheim\u00a0\u00a0\u00a0\u00a0\u00a0\u00a0\u00a0\u00a0 SG<\/p>\n<p>10.11.2012Internationale s in Karlsruhe V 4<\/p>\n<p>11.11.2012 IRAS in Kahrlsruhe V2<\/p>\n<p>15.09.2013 Durmersheim SG<\/p>\n<p>29.09.2013 Saarbr\u00fccken V2<\/p>\n<p>11.11.2013 Internationale in Karlsruhe V4<\/p>\n<p>12.11.2013 IRAS in\u00a0 Karlsruhe V2<\/p>\n<p>Veteranan Champion im VDH und Kft 2018<\/p>\n<p>Pr\u00fcfungen<\/p>\n<p>2011 KG08 Teamtest Platz 19<br \/>03.11.2012 BH Pr\u00fcfung in HSV St\u00f6dtlen , Imba war so Klasse das Sie gleich noch den Wanderpokal des HSV ST\u00f6dtlen mit der Vereinsmeisterschaft-Begleidhund\u00a0 gewonnen hat.<\/p>\n\n\n<p>Seit 2020 wohnt Imba bei meiner Schwester im Altersruhesitz.<\/p>\n","protected":false},"excerpt":{"rendered":"<p>24. 6. 2010 Geboren Imba&#8217;s Star vom Weierdamm Zuchtschauerfolge 15.01.2011\u00a0\u00a0\u00a0N\u00fcrnberg\u00a0\u00a0\u00a0\u00a0\u00a0\u00a0\u00a0\u00a0\u00a0\u00a0\u00a0\u00a0 VSP02.06.2011\u00a0 OG Darmstadt\u00a0\u00a0\u00a0\u00a0\u00a0 SG26.06.2011\u00a0 Kaiserslautern\u00a0\u00a0\u00a0\u00a0\u00a0 SG02.07.2011\u00a0 Heppenheim\u00a0\u00a0\u00a0\u00a0\u00a0\u00a0\u00a0\u00a0 SG 10.11.2012Internationale s in Karlsruhe V 4 11.11.2012 IRAS in Kahrlsruhe V2 15.09.2013 Durmersheim SG 29.09.2013 Saarbr\u00fccken V2 11.11.2013 Internationale in Karlsruhe V4 12.11.2013 IRAS in\u00a0 Karlsruhe V2 Veteranan Champion im VDH und Kft 2018 Pr\u00fcfungen 2011 KG08 [&hellip;]<\/p>\n","protected":false},"author":1,"featured_media":0,"parent":0,"menu_order":0,"comment_status":"open","ping_status":"closed","template":"","meta":{"footnotes":""},"class_list":["post-13","page","type-page","status-publish","hentry"],"_links":{"self":[{"href":"https:\/\/www.vomkellerberg.de\/index.php?rest_route=\/wp\/v2\/pages\/13","targetHints":{"allow":["GET"]}}],"collection":[{"href":"https:\/\/www.vomkellerberg.de\/index.php?rest_route=\/wp\/v2\/pages"}],"about":[{"href":"https:\/\/www.vomkellerberg.de\/index.php?rest_route=\/wp\/v2\/types\/page"}],"author":[{"embeddable":true,"href":"https:\/\/www.vomkellerberg.de\/index.php?rest_route=\/wp\/v2\/users\/1"}],"replies":[{"embeddable":true,"href":"https:\/\/www.vomkellerberg.de\/index.php?rest_route=%2Fwp%2Fv2%2Fcomments&post=13"}],"version-history":[{"count":25,"href":"https:\/\/www.vomkellerberg.de\/index.php?rest_route=\/wp\/v2\/pages\/13\/revisions"}],"predecessor-version":[{"id":6361,"href":"https:\/\/www.vomkellerberg.de\/index.php?rest_route=\/wp\/v2\/pages\/13\/revisions\/6361"}],"wp:attachment":[{"href":"https:\/\/www.vomkellerberg.de\/index.php?rest_route=%2Fwp%2Fv2%2Fmedia&parent=13"}],"curies":[{"name":"wp","href":"https:\/\/api.w.org\/{rel}","templated":true}]}}